{"id":1083,"date":"2020-04-01T12:07:45","date_gmt":"2020-04-01T11:07:45","guid":{"rendered":"https:\/\/www.magnihill.se\/dk\/?page_id=1083"},"modified":"2024-05-14T10:29:20","modified_gmt":"2024-05-14T09:29:20","slug":"forhandler","status":"publish","type":"page","link":"https:\/\/www.magnihill.se\/dk\/forhandler\/","title":{"rendered":"Forhandler"},"content":{"rendered":"\n<h3 class=\"wp-block-heading\">Forhandler \u2013 Detail<\/h3>\n\n\n\n<p><a href=\"https:\/\/www.nemlig.com\/gaard-specialbutikker\/brand-butikker\/magnihill?utm_source=magnihill&amp;utm_medium=referral&amp;utm_campaign=LB\" target=\"_blank\" rel=\"noopener noreferrer\">Nemlig.com<\/a><br><a href=\"https:\/\/gaardmester.dk\/?s=Magnihill&amp;post_type=product\" target=\"_blank\" rel=\"noopener noreferrer\">Gaardmester.dk<\/a><\/p>\n\n\n\n<h3 class=\"wp-block-heading\">Forhandler &#8211; Foodservice<\/h3>\n\n\n\n<p>H\u00f8rkram<br>Dansk Cater<br>Dagrofa Foodservice<br>Catering Engros<br>Procater Aps<br>A &amp; C Gr\u00f8nttorvets Catering<br>Epicurean Aps<br>Condi Aps<br>Ingwersen A\/S<br>Greens Engros Aps<br>Solhjulet A\/S<br>Kj\u00f8lbro F\u00e6r\u00f8erne<\/p>\n","protected":false},"excerpt":{"rendered":"<p>Forhandler \u2013 Detail Nemlig.comGaardmester.dk Forhandler &#8211; Foodservice H\u00f8rkramDansk CaterDagrofa FoodserviceCatering EngrosProcater ApsA &amp; C Gr\u00f8nttorvets CateringEpicurean ApsCondi ApsIngwersen A\/SGreens Engros ApsSolhjulet A\/SKj\u00f8lbro F\u00e6r\u00f8erne<\/p>\n","protected":false},"author":1,"featured_media":0,"parent":0,"menu_order":0,"comment_status":"closed","ping_status":"closed","template":"","meta":{"_monsterinsights_skip_tracking":false,"_monsterinsights_sitenote_active":false,"_monsterinsights_sitenote_note":"","_monsterinsights_sitenote_category":0,"ngg_post_thumbnail":0,"footnotes":""},"class_list":["post-1083","page","type-page","status-publish","hentry"],"aioseo_notices":[],"_links":{"self":[{"href":"https:\/\/www.magnihill.se\/dk\/wp-json\/wp\/v2\/pages\/1083","targetHints":{"allow":["GET"]}}],"collection":[{"href":"https:\/\/www.magnihill.se\/dk\/wp-json\/wp\/v2\/pages"}],"about":[{"href":"https:\/\/www.magnihill.se\/dk\/wp-json\/wp\/v2\/types\/page"}],"author":[{"embeddable":true,"href":"https:\/\/www.magnihill.se\/dk\/wp-json\/wp\/v2\/users\/1"}],"replies":[{"embeddable":true,"href":"https:\/\/www.magnihill.se\/dk\/wp-json\/wp\/v2\/comments?post=1083"}],"version-history":[{"count":0,"href":"https:\/\/www.magnihill.se\/dk\/wp-json\/wp\/v2\/pages\/1083\/revisions"}],"wp:attachment":[{"href":"https:\/\/www.magnihill.se\/dk\/wp-json\/wp\/v2\/media?parent=1083"}],"curies":[{"name":"wp","href":"https:\/\/api.w.org\/{rel}","templated":true}]}}