{"id":105,"date":"2010-08-11T09:26:02","date_gmt":"2010-08-11T08:26:02","guid":{"rendered":"http:\/\/www.magnihill.se\/dk\/?page_id=105"},"modified":"2024-09-04T13:10:43","modified_gmt":"2024-09-04T12:10:43","slug":"%c3%b8kologiske-produkter","status":"publish","type":"page","link":"https:\/\/www.magnihill.se\/dk\/produkter\/foodservice\/%c3%b8kologiske-produkter\/","title":{"rendered":"\u00d8kologiske produkter"},"content":{"rendered":"\n<p>Vore \u00f8kologiske produkter lever altid op til g\u00e6ldende krav for \u00f8kologi, og til alle varekontrakter medf\u00f8lger et \u00d8KO certifikat, for eksempel det svenske KRAV-certifikat, som er et udtryk for h\u00f8jeste kvalitet indenfor \u00f8kologi. Vore \u00d8KO produkter findes ofte som ingrediens i f\u00e6rdigretter, drinks, saucer, blandinger, babymad eller som monogr\u00f8ntsager og blandinger til catering- og detailmarkedet.<\/p>\n\n\n\n<p><strong>Sp\u00f8rg efter produkterne<\/strong> hos H\u00f8rkram, Dansk Cater, Dagrofa Foodservice, Catering Engros, Procater Aps, A &amp; C Gr\u00f8nttorvets Catering, Epicurean Aps, Condi Aps, Ingwersen A\/S, Greens Engros Aps, Solhjulet A\/S, Kj\u00f8lbro F\u00e6r\u00f8erne, <a href=\"https:\/\/gaardmester.dk\" target=\"_blank\" rel=\"noopener\">Gaardmester<\/a>.<\/p>\n\n\n\n<p><a href=\"https:\/\/www.magnihill.se\/dk\/okologi\/\" target=\"_blank\" rel=\"noopener\" title=\"\">Les mer om fordelene med \u00f8kologi her<\/a><\/p>\n\n\n\n<figure class=\"wp-block-image\"><img loading=\"lazy\" decoding=\"async\" width=\"769\" height=\"164\" src=\"https:\/\/www.magnihill.se\/dk\/wp-content\/uploads\/2021\/02\/ekosortiment_gronsaker.jpg\" alt=\"\" class=\"wp-image-1265\" srcset=\"https:\/\/www.magnihill.se\/dk\/wp-content\/uploads\/2021\/02\/ekosortiment_gronsaker.jpg 769w, https:\/\/www.magnihill.se\/dk\/wp-content\/uploads\/2021\/02\/ekosortiment_gronsaker-250x53.jpg 250w\" sizes=\"auto, (max-width: 769px) 100vw, 769px\" \/><\/figure>\n\n\n\n<figure class=\"wp-block-table\"><table><tbody><tr><td><strong>Varenr.<\/strong><\/td><td><strong>\u00d8KO B\u00c6R &amp; FRUGTER<\/strong><\/td><td><strong>Fp\/Kg<\/strong><\/td><\/tr><tr><td>33625<\/td><td>Bl\u00e5b\u00e6r vilde svenske \u00d8KO<\/td><td>2&#215;2,5<\/td><\/tr><tr><td>33632<\/td><td>Bl\u00e5b\u00e6r vilde \u00d8KO \u00a0\u00a0 \u00a0 \u00a0 \u00a0 \u00a0 \u00a0<\/td><td>2&#215;2,5<\/td><\/tr><tr><td>140425<\/td><td>Bl\u00e5b\u00e6r vilde svenske \u00d8KO &nbsp;<\/td><td>16&#215;0,25<\/td><\/tr><tr><td>33633<\/td><td>Bromb\u00e6r \u00d8KO &nbsp; &nbsp; &nbsp; &nbsp; &nbsp; &nbsp; &nbsp; &nbsp; &nbsp; &nbsp; &nbsp; &nbsp;&nbsp;<\/td><td>5&#215;1,0<\/td><\/tr><tr><td>33784<\/td><td>B\u00e6rmix med mango \u00d8KO &nbsp;&nbsp; &nbsp; &nbsp; &nbsp; &nbsp; &nbsp; &nbsp; &nbsp;<\/td><td>5&#215;1,0<\/td><\/tr><tr><td>790425<\/td><td>Granat\u00e6blekerner \u00d8KO &nbsp;<\/td><td>16&#215;0,25<\/td><\/tr><tr><td>33634<\/td><td>Kirseb\u00e6r \u00d8KO &nbsp;&nbsp; &nbsp; &nbsp; &nbsp; &nbsp; &nbsp; &nbsp; &nbsp; &nbsp; &nbsp; &nbsp;&nbsp;<\/td><td>2&#215;2,5<\/td><\/tr><tr><td>920425<\/td><td>Havtorn \u00d8KO &nbsp;<\/td><td>16&#215;0,225<\/td><\/tr><tr><td>33613<\/td><td>Hindb\u00e6r whole &amp; broken \u00d8KO &nbsp;<\/td><td>2&#215;2,5<\/td><\/tr><tr><td>33610<\/td><td>Jordb\u00e6r \u00d8KO &nbsp;<\/td><td>2&#215;2,5<\/td><\/tr><tr><td>106029<\/td><td>Jordb\u00e6r \u00d8KO<\/td><td>6&#215;0,85<\/td><\/tr><tr><td>33628<\/td><td>Mango tern \u00d8KO &nbsp;<\/td><td>2&#215;2,5<\/td><\/tr><tr><td>828529<\/td><td>Mango \u00d8KO<\/td><td>6&#215;0,75<\/td><\/tr><tr><td>33622<\/td><td>Rabarber skiver \u00d8KO &nbsp;<\/td><td>2&#215;2,5<\/td><\/tr><tr><td>33630<\/td><td>Solb\u00e6r \u00d8KO &nbsp;&nbsp;<\/td><td>5&#215;1,0<\/td><\/tr><tr><td>33631<\/td><td>Sommerb\u00e6r \u00d8KO &nbsp;&nbsp;<em>(jordb\u00e6r, bromb\u00e6r, bl\u00e5b\u00e6r)<\/em><\/td><td>2&#215;2,5<\/td><\/tr><tr><td>33626<\/td><td>\u00c6blesegmenter \u00d8KO &nbsp;<\/td><td>2&#215;2,5<\/td><\/tr><tr><td>33624<\/td><td>\u00c6bletern \u00d8KO &nbsp;&nbsp; &nbsp; &nbsp; &nbsp; &nbsp; &nbsp; &nbsp; &nbsp; &nbsp; &nbsp; &nbsp; &nbsp; &nbsp; &nbsp; &nbsp; &nbsp; &nbsp; &nbsp;<\/td><td>2&#215;2,5<\/td><\/tr><tr><td>33629<\/td><td>Tytteb\u00e6r vilde svenske \u00d8KO &nbsp;<\/td><td>2&#215;2,5<\/td><\/tr><tr><td>&nbsp;<\/td><td>&nbsp;<\/td><td>&nbsp;<\/td><\/tr><tr><td><strong>Varenr.<\/strong><\/td><td><strong>\u00d8KO GR\u00d8NTSAGER<\/strong><\/td><td><strong>&nbsp;Fp\/Kg<\/strong><\/td><\/tr><tr><td>33715<\/td><td>Blomk\u00e5l \u00d8KO &nbsp;<\/td><td>2&#215;2,5<\/td><\/tr><tr><td>33716<\/td><td>Broccoli \u00d8KO &nbsp;<\/td><td>2&#215;2,5<\/td><\/tr><tr><td>33750<\/td><td>Champignon skiver \u00d8KO &nbsp;<\/td><td>2&#215;2,5<\/td><\/tr><tr><td>33746<\/td><td>Falafel \u00d8KO \u00a0 \u00a0 \u00a0 \u00a0 \u00a0 \u00a0 \u00a0 \u00a0 \u00a0 \u00a0 \u00a0 \u00a0 \u00a0 \u00a0 \u00a0 \u00a0 \u00a0<\/td><td>5&#215;1,0<\/td><\/tr><tr><td>33797<\/td><td>Gr\u00e6skar tern \u00d8KO &nbsp;<\/td><td>5&#215;1,0<\/td><\/tr><tr><td>33801<\/td><td>Gr\u00f8nk\u00e5l hakket l\u00f8sfrosset \u00d8KO &nbsp;&nbsp;&nbsp;&nbsp;&nbsp;&nbsp;<\/td><td>11&#215;0,45<\/td><\/tr><tr><td>33787<\/td><td>Gule beder kl\u00f8vede svenske \u00d8KO &nbsp;<\/td><td>5&#215;1,0<\/td><\/tr><tr><td>33710<\/td><td>Guler\u00f8dder skiver svenske \u00d8KO &nbsp;<\/td><td>2&#215;2,5<\/td><\/tr><tr><td>33705<\/td><td>Guler\u00f8dder strimler svenske \u00d8KO &nbsp;<\/td><td>2&#215;2,5<\/td><\/tr><tr><td>33704<\/td><td>Guler\u00f8dder tern svenske \u00d8KO &nbsp;<\/td><td>2&#215;2,5<\/td><\/tr><tr><td>33718<\/td><td>Haricots verts&nbsp;\u00d8KO &nbsp;<\/td><td>2&#215;2,5<\/td><\/tr><tr><td>33904<\/td><td>Hvidl\u00f8g hakket \u00d8KO &nbsp;<\/td><td>8&#215;0,25<\/td><\/tr><tr><td>33791<\/td><td>Jordskokker skiver svenske \u00d8KO &nbsp;<\/td><td>5&#215;1,0<\/td><\/tr><tr><td>33780<\/td><td>Kartoffel tern (til mos) svensk \u00d8KO &nbsp;<\/td><td>2&#215;2,5<\/td><\/tr><tr><td>33802<\/td><td>Kartoffel skiver svensk \u00d8KO <\/td><td>2&#215;2,5<\/td><\/tr><tr><td>33781<\/td><td>Kartoffelb\u00e5de m\/skr\u00e6l FF nordisk \u00d8KO &nbsp;<\/td><td>2&#215;2,5<\/td><\/tr><tr><td>33798<\/td><td>Kik\u00e6rter \u00d8KO \u00a0<\/td><td>5&#215;1,0<\/td><\/tr><tr><td>33741<\/td><td>K\u00e5lroe tern svensk \u00d8KO \u00a0\u00a0 \u00a0 \u00a0 \u00a0\u00a0<\/td><td>2&#215;2,5<\/td><\/tr><tr><td>33723<\/td><td>L\u00f8g tern 6&#215;6 mm \u00d8KO &nbsp;<\/td><td>2&#215;2,5<\/td><\/tr><tr><td>33732<\/td><td>L\u00f8g skiver \u00d8KO &nbsp;<\/td><td>2&#215;2,5<\/td><\/tr><tr><td>33714<\/td><td>Majs \u00d8KO &nbsp;<\/td><td>2&#215;2,5<\/td><\/tr><tr><td>33789<\/td><td>Pastinak tern svensk \u00d8KO \u00a0<\/td><td>5&#215;1,0<\/td><\/tr><tr><td>33712<\/td><td>Peber r\u00f8d strimler \u00d8KO &nbsp;<\/td><td>2&#215;2,5<\/td><\/tr><tr><td>33707<\/td><td>Peber r\u00f8d tern \u00d8KO &nbsp;<\/td><td>2&#215;2,5<\/td><\/tr><tr><td>33713<\/td><td>Porrer tern 6&#215;12 mm \u00d8KO &nbsp;<\/td><td>2&#215;2,5<\/td><\/tr><tr><td>33790<\/td><td>R\u00f8dbeder kl\u00f8vede svenske \u00d8KO &nbsp;<\/td><td>5&#215;1,0<\/td><\/tr><tr><td>33803<\/td><td>R\u00f8dbeder tern svenske \u00d8KO<\/td><td>5&#215;1,0<\/td><\/tr><tr><td>33709<\/td><td>Selleri tern \u00d8KO &nbsp;<\/td><td>2&#215;2,5<\/td><\/tr><tr><td>33799<\/td><td>Sojab\u00f8nner kerner (Edamame) \u00d8KO &nbsp;<\/td><td>5&#215;1,0<\/td><\/tr><tr><td>33719<\/td><td>Spinat blad (portion) \u00d8KO &nbsp;<\/td><td>2&#215;2,5<\/td><\/tr><tr><td>33721<\/td><td>Spinat hakket (portion) \u00d8KO &nbsp;<\/td><td>2&#215;2,5<\/td><\/tr><tr><td>33785<\/td><td>S\u00f8de kartofler tern \u00d8KO<\/td><td>2&#215;2,5<\/td><\/tr><tr><td>33749<\/td><td>\u00c6rter \u00d8KO<\/td><td>2&#215;2,5<\/td><\/tr><tr><td>33711<\/td><td>\u00c6rter svenske \u00d8KO<\/td><td>2&#215;2,5<\/td><\/tr><tr><td>577329<\/td><td>\u00c6rter svenske \u00d8KO &nbsp;<\/td><td>18&#215;0,35<\/td><\/tr><tr><td>&nbsp;<\/td><td>&nbsp;<\/td><td>&nbsp;<\/td><\/tr><tr><td><strong>Varenr.<\/strong><\/td><td><strong>\u00d8KO GR\u00d8NTSAGSBLANDNINGER<\/strong><\/td><td><strong>Fp\/Kg<\/strong><\/td><\/tr><tr><td>33736<\/td><td>Buketgr\u00f8ntsager \u00d8KO &nbsp;<\/td><td>2&#215;2,5<\/td><\/tr><tr><td>33740<\/td><td>Gryderodsmix \u00d8KO &nbsp;&nbsp; &nbsp; &nbsp; &nbsp; &nbsp; &nbsp; &nbsp; &nbsp; &nbsp; &nbsp; &nbsp; &nbsp;&nbsp;<\/td><td>2&#215;2,5<\/td><\/tr><tr><td>33739<\/td><td>Gr\u00f8ntsagsblanding \u00d8KO &nbsp;&nbsp;<\/td><td>2&#215;2,5<\/td><\/tr><tr><td>33733<\/td><td>Gulerodsmix kl\u00f8vede svenske \u00d8KO<strong>&nbsp;&nbsp;&nbsp;<\/strong><\/td><td>5&#215;1<\/td><\/tr><tr><td>33731<\/td><td>Hong Kong Wokmix \u00d8KO &nbsp;<\/td><td>2&#215;2,5<\/td><\/tr><tr><td>33744<\/td><td>Majsblanding \u00d8KO &nbsp;&nbsp; &nbsp; &nbsp; &nbsp; &nbsp; &nbsp; &nbsp; &nbsp; &nbsp; &nbsp; &nbsp; &nbsp; &nbsp;<\/td><td>2&#215;2,5<\/td><\/tr><tr><td>33706<\/td><td>Pebermix strimler \u00d8KO &nbsp;<\/td><td>2&#215;2,5<\/td><\/tr><tr><td>33734<\/td><td>Ratatouille \u00d8KO &nbsp;<\/td><td>2&#215;2,5<\/td><\/tr><tr><td>33730<\/td><td>Rodfrugtsmix tern \u00d8KO &nbsp;<\/td><td>2&#215;2,5<\/td><\/tr><tr><td>33735<\/td><td>Rodfrugter rustikke svenske \u00d8KO &nbsp;<\/td><td>2&#215;2,5<\/td><\/tr><tr><td>33743<\/td><td>Ovngr\u00f8ntsager \u00d8KO &nbsp;<\/td><td>2&#215;2,5<\/td><\/tr><tr><td>33747<\/td><td>Vegetarisk biksemad \u00d8KO &nbsp; &nbsp; &nbsp; &nbsp; &nbsp; &nbsp; &nbsp; &nbsp; &nbsp;&nbsp;<\/td><td>2&#215;2,5<\/td><\/tr><tr><td>686029<\/td><td>Vegetarisk biksemad \u00d8KO &nbsp; &nbsp; &nbsp; &nbsp; &nbsp; &nbsp; &nbsp; &nbsp; &nbsp;&nbsp;<\/td><td>6&#215;0,850<\/td><\/tr><tr><td>33731<\/td><td>Wokmix Hong Kong \u00d8KO &nbsp;<\/td><td>2&#215;2,5<\/td><\/tr><tr><td>710028<\/td><td>Wokmix \u00d8KO &nbsp;<\/td><td>8&#215;0,5<\/td><\/tr><tr><td>33745<\/td><td>Wokgr\u00f8ntsager svenske \u00d8KO &nbsp; &nbsp; &nbsp; &nbsp; &nbsp; &nbsp;<\/td><td>2&#215;2,5<\/td><\/tr><tr><td>716029<\/td><td>Wokgr\u00f8ntsager svenske \u00d8KO &nbsp; &nbsp; &nbsp; &nbsp; &nbsp; <\/td><td>6&#215;0,8<\/td><\/tr><tr><td>&nbsp;<\/td><td>&nbsp;<\/td><td>&nbsp;<\/td><\/tr><tr><td><strong>Varenr.<\/strong><\/td><td><strong>\u00d8KO KRYDDEURTER<\/strong><\/td><td><strong>Fp\/Kg<\/strong><\/td><\/tr><tr><td>33903<\/td><td>Dild hakket \u00d8KO &nbsp;<\/td><td>20&#215;0,075<\/td><\/tr><tr><td>33902<\/td><td>Purl\u00f8g hakket \u00d8KO &nbsp;<\/td><td>20&#215;0,075<\/td><\/tr><tr><td>33901<\/td><td>Persille hakket \u00d8KO &nbsp;<\/td><td>20&#215;0,075<\/td><\/tr><tr><td>&nbsp;<\/td><td>&nbsp;<\/td><td>&nbsp;<\/td><\/tr><tr><td><strong>Varenr.<\/strong><\/td><td><strong>\u00d8KO PUR\u00c8ER (pellets)<\/strong><\/td><td><strong>Fp\/Kg<\/strong><\/td><\/tr><tr><td>33646<\/td><td>Blomk\u00e5lpur\u00e9 \u00d8KO &nbsp;&nbsp; &nbsp; &nbsp; &nbsp; &nbsp; &nbsp; &nbsp; &nbsp; &nbsp; &nbsp; &nbsp; &nbsp; &nbsp; &nbsp; &nbsp; &nbsp;<\/td><td>2&#215;1,0<\/td><\/tr><tr><td>33647<\/td><td>Broccolipur\u00e9 \u00d8KO &nbsp;&nbsp; &nbsp; &nbsp; &nbsp; &nbsp; &nbsp; &nbsp; &nbsp; &nbsp; &nbsp; &nbsp; &nbsp; &nbsp; &nbsp; &nbsp; &nbsp;<\/td><td>2&#215;1,0<\/td><\/tr><tr><td>33648<\/td><td><span style=\"font-weight: inherit;\">Jordb\u00e6rpur\u00e9 \u00d8KO &nbsp;&nbsp;&nbsp;&nbsp;&nbsp;&nbsp;&nbsp;&nbsp;&nbsp;&nbsp;&nbsp;&nbsp;<\/span> <\/td><td>2&#215;1,0<\/td><\/tr><tr><td>&nbsp;<\/td><td>&nbsp;<\/td><td>&nbsp;<\/td><\/tr><\/tbody><\/table><\/figure>\n","protected":false},"excerpt":{"rendered":"<p>Vore \u00f8kologiske produkter lever altid op til g\u00e6ldende krav for \u00f8kologi, og til alle varekontrakter medf\u00f8lger et \u00d8KO certifikat, for eksempel det svenske KRAV-certifikat, som er et udtryk for h\u00f8jeste kvalitet indenfor \u00f8kologi. Vore \u00d8KO produkter findes ofte som ingrediens i f\u00e6rdigretter, drinks, saucer, blandinger, babymad eller som monogr\u00f8ntsager og blandinger til catering- og detailmarkedet. Sp\u00f8rg efter produkterne hos H\u00f8rkram, Dansk Cater, Dagrofa Foodservice, Catering Engros, Procater Aps, A &amp; C Gr\u00f8nttorvets Catering, Epicurean Aps, Condi Aps, Ingwersen A\/S, Greens Engros Aps, Solhjulet A\/S, Kj\u00f8lbro F\u00e6r\u00f8erne, Gaardmester. Les mer om fordelene med \u00f8kologi her Varenr. \u00d8KO B\u00c6R &amp; FRUGTER Fp\/Kg 33625 Bl\u00e5b\u00e6r vilde svenske \u00d8KO 2&#215;2,5 33632 Bl\u00e5b\u00e6r vilde \u00d8KO \u00a0\u00a0 \u00a0 \u00a0 \u00a0 \u00a0 \u00a0 2&#215;2,5 140425 Bl\u00e5b\u00e6r vilde svenske \u00d8KO &nbsp; 16&#215;0,25 33633 Bromb\u00e6r \u00d8KO &nbsp; &nbsp; &nbsp; &nbsp; &nbsp; &nbsp; &nbsp; &nbsp; [&hellip;]<\/p>\n","protected":false},"author":1,"featured_media":0,"parent":2258,"menu_order":2,"comment_status":"closed","ping_status":"open","template":"","meta":{"_monsterinsights_skip_tracking":false,"_monsterinsights_sitenote_active":false,"_monsterinsights_sitenote_note":"","_monsterinsights_sitenote_category":0,"ngg_post_thumbnail":0,"footnotes":""},"class_list":["post-105","page","type-page","status-publish","hentry"],"aioseo_notices":[],"_links":{"self":[{"href":"https:\/\/www.magnihill.se\/dk\/wp-json\/wp\/v2\/pages\/105","targetHints":{"allow":["GET"]}}],"collection":[{"href":"https:\/\/www.magnihill.se\/dk\/wp-json\/wp\/v2\/pages"}],"about":[{"href":"https:\/\/www.magnihill.se\/dk\/wp-json\/wp\/v2\/types\/page"}],"author":[{"embeddable":true,"href":"https:\/\/www.magnihill.se\/dk\/wp-json\/wp\/v2\/users\/1"}],"replies":[{"embeddable":true,"href":"https:\/\/www.magnihill.se\/dk\/wp-json\/wp\/v2\/comments?post=105"}],"version-history":[{"count":2,"href":"https:\/\/www.magnihill.se\/dk\/wp-json\/wp\/v2\/pages\/105\/revisions"}],"predecessor-version":[{"id":2299,"href":"https:\/\/www.magnihill.se\/dk\/wp-json\/wp\/v2\/pages\/105\/revisions\/2299"}],"up":[{"embeddable":true,"href":"https:\/\/www.magnihill.se\/dk\/wp-json\/wp\/v2\/pages\/2258"}],"wp:attachment":[{"href":"https:\/\/www.magnihill.se\/dk\/wp-json\/wp\/v2\/media?parent=105"}],"curies":[{"name":"wp","href":"https:\/\/api.w.org\/{rel}","templated":true}]}}