{"id":10,"date":"2009-11-27T08:51:42","date_gmt":"2009-11-27T07:51:42","guid":{"rendered":"http:\/\/www.magnihill.se\/dk\/?page_id=10"},"modified":"2025-11-20T12:02:50","modified_gmt":"2025-11-20T11:02:50","slug":"kontakt-os","status":"publish","type":"page","link":"https:\/\/www.magnihill.se\/dk\/kontakt-os\/","title":{"rendered":"Kontakt os"},"content":{"rendered":"\n<h2 class=\"wp-block-heading\">Magnihill Danmark<\/h2>\n\n\n\n<p>Danmark har vi \u00e9n dedikeret s\u00e6lger til vores industrikunder.  Vores produkter bruges i f.eks.  f\u00e6rdigretter og supper eller direkte i produktion af andre f\u00f8devarer.  Vi levererer alt fra bulkcontainere, s\u00e6kke og kartoner.<\/p>\n\n\n\n<div class=\"wp-block-columns is-layout-flex wp-container-core-columns-is-layout-9d6595d7 wp-block-columns-is-layout-flex\">\n<div class=\"wp-block-column is-layout-flow wp-block-column-is-layout-flow\">\n<figure class=\"wp-block-image size-large\"><img decoding=\"async\" src=\"https:\/\/magnihill.se\/wp-content\/uploads\/2009\/05\/nydaniel3.jpg\" alt=\"\"\/><\/figure>\n\n\n\n<p><strong>Salg Industri Danmark<\/strong><br>Daniel Borg<br>Magnihill AB<br>+46 732 07 26 67<br><a href=\"mailto:daniel@magnihill.se\" title=\"\">daniel@magnihill.se<\/a><\/p>\n<\/div>\n<\/div>\n\n\n\n<hr class=\"wp-block-separator has-alpha-channel-opacity\"\/>\n\n\n\n<h2 class=\"wp-block-heading\">Salg Foodservice \u2013 Ekologiska s\u00e4ljbolaget<\/h2>\n\n\n\n<p>Vi samarbejder med Ekologiska S\u00e4ljbolaget, som har salgsansvaret for foodservice og detailhandel i Danmark.<\/p>\n\n\n\n<div class=\"wp-block-columns is-layout-flex wp-container-core-columns-is-layout-9d6595d7 wp-block-columns-is-layout-flex\">\n<div class=\"wp-block-column is-layout-flow wp-block-column-is-layout-flow\">\n<figure class=\"wp-block-image size-full is-resized\"><img loading=\"lazy\" decoding=\"async\" width=\"128\" height=\"164\" src=\"https:\/\/www.magnihill.se\/dk\/wp-content\/uploads\/2025\/05\/sandra.jpg\" alt=\"\" class=\"wp-image-2584\" style=\"width:124px\"\/><\/figure>\n\n\n\n<p><strong>Head of KAM Foodservice<\/strong><br>Sandra Lund<br>Ekologiska S\u00e4ljbolaget<br>+46 707 579 246<br><a href=\"mailto:sandra@ekologiskasaljbolaget.se\" title=\"\">sandra@ekologiskasaljbolaget.se<\/a><\/p>\n\n\n<\/div>\n\n\n\n<div class=\"wp-block-column is-layout-flow wp-block-column-is-layout-flow\">\n<figure class=\"wp-block-image size-full\"><img loading=\"lazy\" decoding=\"async\" width=\"128\" height=\"168\" src=\"https:\/\/www.magnihill.se\/dk\/wp-content\/uploads\/2025\/09\/jesper-hemsidan.jpg\" alt=\"\" class=\"wp-image-2634\"\/><\/figure>\n\n\n\n<p><strong>Salgskonsulent Jylland<\/strong><br>Jesper Vestergaard Byskov<br>Ekologiska S\u00e4ljbolaget<br>+45 5130 1717<br><a href=\"mailto:jesper@ekologiskasaljbolaget.com\">jesper@ekologiskasaljbolaget.com<\/a><\/p>\n<\/div>\n\n\n\n<div class=\"wp-block-column is-layout-flow wp-block-column-is-layout-flow\">\n<figure class=\"wp-block-image size-full is-resized\"><img loading=\"lazy\" decoding=\"async\" width=\"124\" height=\"164\" src=\"https:\/\/www.magnihill.se\/dk\/wp-content\/uploads\/2025\/05\/tina.jpg\" alt=\"\" class=\"wp-image-2585\" style=\"width:124px\"\/><\/figure>\n\n\n\n<p><strong>Salgskonsulent  Sj\u00e6lland, Fyn, Bornholm<\/strong><br>Tina Kristensen<br>Ekologiska S\u00e4ljbolaget<br>+45 27 25 70 79<br><a href=\"mailto:tina@ekologiskasaljbolaget.com\" title=\"\">tina@ekologiskasaljbolaget.com<\/a><\/p>\n<\/div>\n<\/div>\n\n\n\n<hr class=\"wp-block-separator has-alpha-channel-opacity\"\/>\n\n\n\n<h2 class=\"wp-block-heading\">Lager, produktion og hovedkvarter i Sverige<\/h2>\n\n\n\n<div class=\"wp-block-columns is-layout-flex wp-container-core-columns-is-layout-9d6595d7 wp-block-columns-is-layout-flex\">\n<div class=\"wp-block-column is-layout-flow wp-block-column-is-layout-flow\">\n<p>Magnihill AB<br>Hjortv\u00e4gen 61<br>SE-253 55 M\u00f6rarp<br>Sweden<\/p>\n<\/div>\n\n\n\n<div class=\"wp-block-column is-layout-flow wp-block-column-is-layout-flow\">\n<p>VAT: SE556435461001<br>Tfn: +46 42 32 98 80<br>E-mail: info@magnihill.se<br>GLN: 7314060000003<\/p>\n<\/div>\n\n\n\n<div class=\"wp-block-column is-layout-flow wp-block-column-is-layout-flow\">\n<p><strong>Bestilling: order@magnihill.se<br><\/strong>www.magnihill.se<\/p>\n<\/div>\n<\/div>\n\n\n\n<p><strong>\u00c5bningstider lager og hovedkontor i M\u00f6rarp, Sverige:<\/strong> Vi har \u00e5bent mandag \u2013 fredag mellem 08.00-16.00, med undtagelse af helligdage.<\/p>\n\n\n\n<p>Telefoncentralen +46 42 32 98 80 er bemandet mandag \u2013 fredag mellem 08.30 \u2013 12.00 og 12.30-16.00 med undtagelse af helligdage. Vi har ikke en butik, \u00e5bningstiderne g\u00e6lder for lageret og hovedkontoret.<\/p>\n","protected":false},"excerpt":{"rendered":"<p>Magnihill Danmark Danmark har vi \u00e9n dedikeret s\u00e6lger til vores industrikunder. Vores produkter bruges i f.eks. f\u00e6rdigretter og supper eller direkte i produktion af andre f\u00f8devarer. Vi levererer alt fra bulkcontainere, s\u00e6kke og kartoner. Salg Industri DanmarkDaniel BorgMagnihill AB+46 732 07 26 67daniel@magnihill.se Salg Foodservice \u2013 Ekologiska s\u00e4ljbolaget Vi samarbejder med Ekologiska S\u00e4ljbolaget, som har salgsansvaret for foodservice og detailhandel i Danmark. Head of KAM FoodserviceSandra LundEkologiska S\u00e4ljbolaget+46 707 579 246sandra@ekologiskasaljbolaget.se Salgskonsulent JyllandJesper Vestergaard ByskovEkologiska S\u00e4ljbolaget+45 5130 1717jesper@ekologiskasaljbolaget.com Salgskonsulent Sj\u00e6lland, Fyn, BornholmTina KristensenEkologiska S\u00e4ljbolaget+45 27 25 70 79tina@ekologiskasaljbolaget.com Lager, produktion og hovedkvarter i Sverige Magnihill ABHjortv\u00e4gen 61SE-253 55 M\u00f6rarpSweden VAT: SE556435461001Tfn: +46 42 32 98 80E-mail: info@magnihill.seGLN: 7314060000003 Bestilling: order@magnihill.sewww.magnihill.se \u00c5bningstider lager og hovedkontor i M\u00f6rarp, Sverige: Vi har \u00e5bent mandag \u2013 fredag mellem 08.00-16.00, med undtagelse af helligdage. Telefoncentralen +46 42 32 98 80 [&hellip;]<\/p>\n","protected":false},"author":1,"featured_media":0,"parent":0,"menu_order":7,"comment_status":"closed","ping_status":"closed","template":"","meta":{"footnotes":""},"class_list":["post-10","page","type-page","status-publish","hentry"],"aioseo_notices":[],"_links":{"self":[{"href":"https:\/\/www.magnihill.se\/dk\/wp-json\/wp\/v2\/pages\/10","targetHints":{"allow":["GET"]}}],"collection":[{"href":"https:\/\/www.magnihill.se\/dk\/wp-json\/wp\/v2\/pages"}],"about":[{"href":"https:\/\/www.magnihill.se\/dk\/wp-json\/wp\/v2\/types\/page"}],"author":[{"embeddable":true,"href":"https:\/\/www.magnihill.se\/dk\/wp-json\/wp\/v2\/users\/1"}],"replies":[{"embeddable":true,"href":"https:\/\/www.magnihill.se\/dk\/wp-json\/wp\/v2\/comments?post=10"}],"version-history":[{"count":18,"href":"https:\/\/www.magnihill.se\/dk\/wp-json\/wp\/v2\/pages\/10\/revisions"}],"predecessor-version":[{"id":2717,"href":"https:\/\/www.magnihill.se\/dk\/wp-json\/wp\/v2\/pages\/10\/revisions\/2717"}],"wp:attachment":[{"href":"https:\/\/www.magnihill.se\/dk\/wp-json\/wp\/v2\/media?parent=10"}],"curies":[{"name":"wp","href":"https:\/\/api.w.org\/{rel}","templated":true}]}}